{"id":10,"date":"2024-08-31T21:55:04","date_gmt":"2024-08-31T19:55:04","guid":{"rendered":"https:\/\/apres.group\/lam\/?page_id=10"},"modified":"2025-07-26T11:11:47","modified_gmt":"2025-07-26T09:11:47","slug":"parcours","status":"publish","type":"page","link":"https:\/\/apres.group\/lam\/parcours\/","title":{"rendered":"Parcours"},"content":{"rendered":"\n<h4 class=\"wp-block-heading\"><strong>Performances &amp; art urbain (avec le <a href=\"http:\/\/www.apres.group\/\">Collectif de l&rsquo;Apr\u00e8s<\/a>) :<\/strong><\/h4>\n\n\n\n<p>Octobre 2024 : 1er festival international des refus\u00e9s \u2013 <a href=\"https:\/\/youtu.be\/3gMa-jPLtNk\">Youtube<\/a><\/p>\n\n\n\n<p>Mai 2024 : 3\u00e8me <a href=\"https:\/\/apres.group\/festival-de-cranes\/\">festival international de Cr\u00e2ne<\/a> \u2013 Poissy (78)<\/p>\n\n\n\n<p>Mai 2023 : 2nd <a href=\"https:\/\/apres.group\/festival-de-cranes\/\">festival international de Cr\u00e2ne<\/a> \u2013 Quai Valmy \u00e0 Paris<\/p>\n\n\n\n<p>Mai 2022 : 1er<a href=\"https:\/\/apres.group\/festival-de-cranes\/\"> festival international de Cr\u00e2ne<\/a> \u2013 Aux Frigos \u00e0 Paris<\/p>\n\n\n\n<p>Avril 2022&nbsp;: \u00ab&nbsp;Prends-moi, en compte..&nbsp;\u00bb &#8211; \u00c9lections &#8211; Paris (art urbain)<\/p>\n\n\n\n<p>F\u00e9vrier 2022 : \u00ab <a href=\"https:\/\/apres.group\/wp-content\/uploads\/2022\/03\/Freevoli.mp4\">Free Hugs for Freevoli<\/a> \u00bb &#8211; Performance au 59 rue de Rivoli (art urbain)<\/p>\n\n\n\n<p>Octobre 2020 : \u00ab Remise du prix Marcel Duchamp bis \u00e0 l&rsquo;artiste <a href=\"https:\/\/fr.wikipedia.org\/wiki\/Fred_Forest\">Fred Forest<\/a> \u00bb<\/p>\n\n\n\n<p>Juin 2020 : \u00ab<a href=\"http:\/\/apres.group\/wp-content\/uploads\/2020\/10\/Restitution-municipale-mars-2020.pdf\"> Parti du PAF<\/a> \u00bb &#8211; \u00c9lections Municipales &#8211; Paris (art urbain)<\/p>\n\n\n\n<p>Mai 2020 : <a href=\"http:\/\/apres.group\/wp-content\/uploads\/2020\/11\/Restitution-vernissage-deconfin\u00e9.pdf\">Exposition de rue d\u00e9confin\u00e9e<\/a> &#8211; Paris (art urbain)<\/p>\n\n\n\n<p>Octobre 2019 : \u00ab <a href=\"http:\/\/apres.group\/wp-content\/uploads\/2019\/10\/Restitution-nouvelle-cotation.pdf\">Nouvelle cotation des productions<\/a><br>(et improductions) artistiques \u00bb Part 2 &#8211; FIAC de Paris (art urbain)<\/p>\n\n\n\n<p>Octobre 2019 : \u00ab <a href=\"http:\/\/apres.group\/wp-content\/uploads\/2019\/12\/Restitution-micronation-SPA.pdf\">micro-nation de la SPA<\/a> \u00bb &#8211; Orgeval (78)<\/p>\n\n\n\n<p>Aout 2019 : \u00ab <a href=\"http:\/\/apres.group\/wp-content\/uploads\/2019\/10\/Restitution-nouvelle-cotation.pdf\">Nouvelle cotation des productions<\/a><br>(et improductions) artistiques \u00bb Part 1 &#8211; Ville de Fiac (81)<\/p>\n\n\n\n<p>Juillet 2019 : \u00ab <a href=\"http:\/\/apres.group\/wp-content\/uploads\/2019\/10\/Mus\u00e9e-de-lApres-Consommite.pdf\">Mus\u00e9e de l&rsquo;Apr\u00e8s &#8211; Consommite<\/a> \u00bb &#8211; Guyancourt (78)<\/p>\n\n\n\n<p>Mai 2019 : \u00ab Parti du PAF \u00bb &#8211; \u00c9lections Europ\u00e9ennes &#8211; Paris (art urbain)<\/p>\n\n\n\n<p>Avril 2019 : \u00ab <a href=\"http:\/\/apres.group\/wp-content\/uploads\/2019\/05\/Micronation-du-REV.pdf\">micro-nation du REV<\/a> \u00bb (R\u00e9publique \u00c9cologique du Vertisland) &#8211; Saint Germain en Laye (78)<\/p>\n\n\n\n<p>Mars 2019 : \u00ab <a href=\"http:\/\/apres.group\/wp-content\/uploads\/2019\/04\/Micro-nation-de-la-RAJ.pdf\">micro-nation de la RAJ<\/a> \u00bb (R\u00e9publique Autonome du Jaunistant) &#8211; Paris (place de la R\u00e9publique)<\/p>\n\n\n\n<p>F\u00e9vrier 2019 : \u00ab <a href=\"http:\/\/apres.group\/wp-content\/uploads\/2019\/03\/Panique-a-lElysee.pdf\">Panique \u00e0 l\u2019\u00c9lys\u00e9e<\/a> \u00bb &#8211; Paris, Palais de l&rsquo;\u00c9lys\u00e9e (art urbain)<\/p>\n\n\n\n<p>Juin 2018 : \u00ab <a href=\"http:\/\/apres.group\/wp-content\/uploads\/2019\/12\/Restitution-micronation-du-FOMEA.pdf\">micro-nation nouvel ECO<\/a> \u00bb dans le cadre du FOMEA (Forum Mondial des \u00c9conomies de l\u2019Art) &#8211; Paris, H\u00f4tel de Ville de Paris (art urbain)<\/p>\n\n\n\n<p>Mai 2018 : \u00ab <a href=\"http:\/\/apres.group\/wp-content\/uploads\/2019\/01\/Micronation-Marseille.pdf\">micro-nation du Miroir Ombri\u00e8re<\/a> \u00bb &#8211; Marseille<\/p>\n\n\n\n<p>F\u00e9vrier 2017 : \u00ab Tout est permis \u00bb <a href=\"https:\/\/www.facebook.com\/galerieneufnancy\/\">Galerie Neuf<\/a> &#8211; Nancy<\/p>\n\n\n\n<h4 class=\"wp-block-heading\"><strong>Expositions de groupe :<\/strong><\/h4>\n\n\n\n<p><br>Mars 2025 : Salon insolite (fresques) \u2013 Evecquemont (78)<\/p>\n\n\n\n<p>Octobre 2024 : <a href=\"https:\/\/www.facebook.com\/oksebo\/\">Biennale de la cr\u00e9ation contemporaine<\/a> \u2013 Chateau Roche Guyon (95)<\/p>\n\n\n\n<p>Septembre 2023 : <a href=\"https:\/\/artnco.org\/event\/salon-dart-inedit-de-poissy-2023\/\">Salon d\u2019art In\u00e9dit<\/a>\u2013 Poissy (78)<\/p>\n\n\n\n<p>Mars 2022 : Salon d\u2019art Palette \u2013 Chanteloup les Vignes (78)<\/p>\n\n\n\n<p>Octobre 2022 : <a href=\"https:\/\/www.facebook.com\/oksebo\/\">Biennale de la cr\u00e9ation contemporaine<\/a> \u2013 Chateau Roche Guyon (95)<\/p>\n\n\n\n<p>Octobre 2021&nbsp;: Vitrines \u2013 Poissy (78)<\/p>\n\n\n\n<p>Septembre 2021&nbsp;: March\u00e9 de l\u2019art \u2013 Villennes sur Seine (78)<\/p>\n\n\n\n<p>Juin 2021&nbsp;: L\u2019art a vous \u2013 Montreuil (93)<\/p>\n\n\n\n<p>Juin 2019 : Art Strato Biennale \u2013 Conflans Ste Honorine (78)<\/p>\n\n\n\n<p>Juin 2019 : Collectif Fil rouge \u2013 Triel sur Seine (78)<\/p>\n\n\n\n<p>Mars 2019 : Salon des peintres de l\u2019abbaye \u2013 Poissy (78)<\/p>\n\n\n\n<p>D\u00e9cembre 2018 : Salon des Arts \u2013 Plaisirs (78)<\/p>\n\n\n\n<p>Novembre 2018 : Carr\u00e9 d\u2019art \u2013 Villennes sur Seine (78)<\/p>\n\n\n\n<p>Septembre 2018 : Galerie \u00ab <a href=\"https:\/\/www.facebook.com\/Laboratoire-dexposition-483809998343497\/\">Laboratoire d\u2019exposition<\/a> \u00bb \u2013 13 rue de l\u2019\u00e9chiquier, Paris 10\u00e8me<\/p>\n\n\n\n<p>Ann\u00e9e 2018 : <a href=\"https:\/\/www.ville-persan.fr\/article\/lartotheque\">Artoth\u00e8que<\/a> \u2013 Persan (95)<\/p>\n\n\n\n<p>Novembre 2017 :<a href=\"https:\/\/www.artistescontemporains.org\/lieux_dart\/espace-des-arts-villennes-sur-seine\/\"> Carr\u00e9 d\u2019art<\/a> \u2013 Villennes sur Seine (78)<\/p>\n\n\n\n<p>Octobre 2017 : 23 \u00e8me Salon automnale \u2013 Gargenville (78)<\/p>\n\n\n\n<p>Juin 2017 : Salon des Bords de Seine \u2013 Poissy (78)<\/p>\n\n\n\n<p>Mai 2017 : March\u00e9 de l\u2019Art \u2013 Villennes sur Seine (78)<\/p>\n\n\n\n<p>Mars 2017 : Salon d\u2019art Palette \u2013 Chanteloup les Vignes (78)<\/p>\n\n\n\n<p>Mars 2017 : Exposition Recycl\u2019Art \u2013 Poissy (78)<\/p>\n\n\n\n<p>Janvier 2017 : Exposition \u00ab In the Pocket \u00bb 13 rue de l\u2019\u00e9chiquier Paris 10\u00e8me<\/p>\n\n\n\n<p>Mai 2016 : Vente caritative au Mus\u00e9e national de l\u2019Histoire de l\u2019Immigration \u2013 Paris 12\u00e8me<\/p>\n\n\n\n<p>Avril 2016 : Salon des peintres &amp; sculpteurs de Poigny (77)<\/p>\n\n\n\n<p>Avril 2016 : Salon d\u2019art Palette \u2013 Chanteloup les Vignes (78)<\/p>\n\n\n\n<p>Mars 2016 : 8eme Salon des arts \u2013 Carri\u00e8res sous Poissy (78)<\/p>\n\n\n\n<p>Juillet 2015 : Galerie <a href=\"https:\/\/oeilduhuit.com\/\">l\u2019\u0153il du huit<\/a> sur le th\u00e8me de la chim\u00e8re \u2013 19 Rue Boucry, Paris 18\u00e8me<\/p>\n\n\n\n<p>Juin 2015 : Salon des Arts \u2013 Chambourcy (78)<\/p>\n\n\n\n<p>Juin 2015 : Exposition Collectif D.O.P.E. (Dessinateurs Organis\u00e9s de Poissy et Environs) \u2013 Poissy (78)<\/p>\n\n\n\n<p>Novembre 2014 : Salon d\u2019Art Contemporain, <a href=\"https:\/\/lecarredescreateurs.fr\/\">le carr\u00e9 des cr\u00e9ateurs<\/a> \u2013 Colombes (92)<\/p>\n\n\n\n<p>Juillet 2014 : Galerie <a href=\"https:\/\/oeilduhuit.com\/\">l\u2019\u0153il du huit<\/a> sur le th\u00e8me de la chim\u00e8re \u2013 19 Rue Boucry, Paris 18\u00e8me<\/p>\n\n\n\n<p>Juin 2014 : March\u00e9 r\u00e9gional d\u2019art contemporain, <a href=\"https:\/\/www.artsetartistes.com\/\">Vill\u2019art<\/a> \u2013 Conflans Ste Honorine (78)<\/p>\n\n\n\n<p>Mai 2013 : Grand March\u00e9 d\u2019Art Contemporain (<a href=\"https:\/\/www.artistescontemporains.org\/lieux_dart\/place-de-la-bastille\/\">GMAC<\/a>) Bastille \u2013 Paris Bastille 11\u00e8me<\/p>\n\n\n\n<h4 class=\"wp-block-heading\"><strong>Expositions personnelles :<\/strong><\/h4>\n\n\n\n<p>Juin \u00e0 D\u00e9cembre 2025 : Maison de la psychologie \u2013 St Germain en Laye (78)<\/p>\n\n\n\n<p>Avril 2025\u00a0: Salon des Arts \u2013 Invit\u00e9 d&rsquo;honneur \u2013 Carri\u00e8re (78)<\/p>\n\n\n\n<p>D\u00e9cembre 2021\u00a0: Visite-expo atelier &#8211; Poissy (78)<\/p>\n\n\n\n<p>Mai 2021 : <a href=\"https:\/\/www.poissyweblive.com\/paap_pwl.html\">Parcours d&rsquo;Atelier des Artistes<\/a> &#8211; Poissy (78)<\/p>\n\n\n\n<p>Mai 2017 : Exposition en duo \u2013 Galerie Demeure des artistes \u2013 Paris Bastille<\/p>\n\n\n\n<p>Avril 2017 : Centre Angel Mercier &#8211; 135 Bd S\u00e9rurier, Paris 19\u00e8me<\/p>\n\n\n\n<p>Mars 2017 : Centre Curial &#8211; 16 Rue Colette Magny, Paris 19\u00e8me<\/p>\n\n\n\n<p>D\u00e9cembre 2016 : Centre Clavel &#8211; 24 bis Rue Clavel, Paris 19\u00e8me<\/p>\n\n\n\n<p>Novembre 2015 : Galerie \u00e9ph\u00e9m\u00e8re Pol\u2019Arts &#8211; Poissy (78)<\/p>\n\n\n\n<p>Juin 2015 : Exposition en duo avec l&rsquo;artiste <a href=\"https:\/\/www.singulart.com\/fr\/artiste\/edwige-leprin-14035\">Edwige Leprin<\/a> &#8211; Colombes (92)<\/p>\n\n\n\n<p>Mai 2013 : Exposition galerie \u00e9ph\u00e9m\u00e8re Philibert \u2013 Honfleur (14)<\/p>\n\n\n\n<p>Juin 2011 : Fresques aux \u00ab <a href=\"https:\/\/www.les-frigos.fr\/\">frigos<\/a> \u00bb &#8211; Paris 13\u00e8me<\/p>\n\n\n\n<h4 class=\"wp-block-heading\"><strong>Publication \u2013 Articles :<\/strong><\/h4>\n\n\n\n<p>2021 : \u00ab <a href=\"https:\/\/www.editions-pantheon.fr\/catalogue\/esthetique-de-lart-invisuel\/\">Esth\u00e9tique de l&rsquo;art invisuel<\/a> \u00bb &#8211; <a href=\"https:\/\/expertes.fr\/expertes\/71985-corina-chutaux+mila\/\">Corina Chutaux<\/a> (\u00c9ditions Panth\u00e9on)<\/p>\n\n\n\n<p>2019 : <a href=\"http:\/\/apres.group\/\u00b5nations\/\">Restitutions de diff\u00e9rentes performances de Micronations<\/a> (Collectif &amp; \u00c9ditions de l\u2019Apr\u00e8s)<\/p>\n\n\n\n<p>Juin 2019 : \u00ab Fragments de l\u2019Apr\u00e8s pour la <a href=\"http:\/\/www.microcollection.it\/mc\/?lang=fr\">Microcollection d\u2019Elisa Bollazzi<\/a> (\u00c9ditions de l\u2019Apr\u00e8s)<\/p>\n\n\n\n<p>F\u00e9vrier 2019&nbsp;: \u00ab&nbsp;Les artistes, les Gilets jaunes et vous&nbsp;\u00bb pour la Colonie \u00e0 Paris<\/p>\n\n\n\n<p><a href=\"http:\/\/apres.group\/wp-content\/uploads\/2018\/09\/Le-Livre-Blanc.pdf\">Mai 2018 : \u00ab Le livre blanc du Postcap \u00bb (Collectif &amp; \u00c9ditions de l\u2019Apr\u00e8s)<\/a><\/p>\n\n\n\n<p><a href=\"http:\/\/apres.group\/wp-content\/uploads\/2018\/05\/Guide-ludique-de-constitution-de-Micro-nation.pdf\">Mars 2018 : Guide de construction de Micro-nation dans le champ de l\u2019Art (Collectif &amp; \u00c9ditions de l\u2019Apr\u00e8s)<\/a><\/p>\n\n\n\n<h4 class=\"wp-block-heading\"><strong>Formation :<\/strong><\/h4>\n\n\n\n<p>Ateliers multiples en compagnonnage<\/p>\n\n\n\n<p>\u00c9cole des Beaux Arts de Paris : mod\u00e8les vivants<\/p>\n\n\n\n<p><a href=\"http:\/\/www.enda.fr\/\">\u00c9cole Nationale d\u2019Art (ENDA)<\/a> &#8211; Paris<\/p>\n\n\n\n<p><\/p>\n","protected":false},"excerpt":{"rendered":"<p>Performances &amp; art urbain (avec le Collectif de l&rsquo;Apr\u00e8s) : Octobre 2024 : 1er festival international des refus\u00e9s \u2013 Youtube Mai 2024 : 3\u00e8me festival international de Cr\u00e2ne \u2013 Poissy (78) Mai 2023 : 2nd festival international de Cr\u00e2ne \u2013 Quai Valmy \u00e0 Paris Mai 2022 : 1er festival international de Cr\u00e2ne \u2013 Aux Frigos<\/p>\n<p class=\"more-link-wrapper\"><a href=\"https:\/\/apres.group\/lam\/parcours\/\" class=\"more-link\">Continue Reading<span class=\"screen-reader-text\"> \u00ab\u00a0Parcours\u00a0\u00bb<\/span><\/a><\/p>\n","protected":false},"author":1,"featured_media":0,"parent":0,"menu_order":0,"comment_status":"closed","ping_status":"closed","template":"","meta":{"footnotes":""},"class_list":["post-10","page","type-page","status-publish","hentry"],"_links":{"self":[{"href":"https:\/\/apres.group\/lam\/wp-json\/wp\/v2\/pages\/10","targetHints":{"allow":["GET"]}}],"collection":[{"href":"https:\/\/apres.group\/lam\/wp-json\/wp\/v2\/pages"}],"about":[{"href":"https:\/\/apres.group\/lam\/wp-json\/wp\/v2\/types\/page"}],"author":[{"embeddable":true,"href":"https:\/\/apres.group\/lam\/wp-json\/wp\/v2\/users\/1"}],"replies":[{"embeddable":true,"href":"https:\/\/apres.group\/lam\/wp-json\/wp\/v2\/comments?post=10"}],"version-history":[{"count":5,"href":"https:\/\/apres.group\/lam\/wp-json\/wp\/v2\/pages\/10\/revisions"}],"predecessor-version":[{"id":151,"href":"https:\/\/apres.group\/lam\/wp-json\/wp\/v2\/pages\/10\/revisions\/151"}],"wp:attachment":[{"href":"https:\/\/apres.group\/lam\/wp-json\/wp\/v2\/media?parent=10"}],"curies":[{"name":"wp","href":"https:\/\/api.w.org\/{rel}","templated":true}]}}