{"id":12,"date":"2024-08-31T21:59:38","date_gmt":"2024-08-31T19:59:38","guid":{"rendered":"https:\/\/apres.group\/lam\/?page_id=12"},"modified":"2025-12-11T21:14:09","modified_gmt":"2025-12-11T20:14:09","slug":"pro-creations-extraits","status":"publish","type":"page","link":"https:\/\/apres.group\/lam\/","title":{"rendered":"Pro-cr\u00e9ations (extraits)"},"content":{"rendered":"\n<p>Mettre en lumi\u00e8re l&rsquo;invisible, l&rsquo;imperceptible, parfois l&rsquo;inutile, Lam est un artiste inclassable. \u00ab\u00a0<em>L&rsquo;utopie et la recherche sont fils conducteurs de ma d\u00e9marche<\/em>\u00a0\u00bb . Cela se traduit par une approche tr\u00e8s \u00e9clectique de styles ainsi qu&rsquo;une grande libert\u00e9 dans sa pratique. Membre fondateur du <em>collectif de l&rsquo;Apr\u00e8s<\/em> alliant art urbain et performances, il se d\u00e9finit lui-m\u00eame comme <em>Actopiste<\/em>; sans d\u00e9finition pr\u00e9cise&#8230;<\/p>\n\n\n\n<p><\/p>\n\n\n\n<p class=\"has-text-align-center\"><a href=\"https:\/\/apres.group\/lam\/friches\/\">Friches <\/a>&#8211; Photos coloris\u00e9es sur plaques de m\u00e9tal rouill\u00e9es &#8211; Formats divers<\/p>\n\n\n<div class=\"wp-block-image\">\n<figure class=\"aligncenter size-medium\"><a href=\"https:\/\/apres.group\/lam\/friches\/\"><img loading=\"lazy\" decoding=\"async\" width=\"300\" height=\"209\" src=\"https:\/\/apres.group\/lam\/wp-content\/uploads\/2024\/08\/Lam-13-scaled-1-300x209.jpg\" alt=\"\" class=\"wp-image-31\" srcset=\"https:\/\/apres.group\/lam\/wp-content\/uploads\/2024\/08\/Lam-13-scaled-1-300x209.jpg 300w, https:\/\/apres.group\/lam\/wp-content\/uploads\/2024\/08\/Lam-13-scaled-1-1024x712.jpg 1024w, https:\/\/apres.group\/lam\/wp-content\/uploads\/2024\/08\/Lam-13-scaled-1-768x534.jpg 768w, https:\/\/apres.group\/lam\/wp-content\/uploads\/2024\/08\/Lam-13-scaled-1-1536x1068.jpg 1536w, https:\/\/apres.group\/lam\/wp-content\/uploads\/2024\/08\/Lam-13-scaled-1-2048x1424.jpg 2048w\" sizes=\"auto, (max-width: 300px) 100vw, 300px\" \/><\/a><\/figure>\n<\/div>\n\n\n<p class=\"has-text-align-center\"><a href=\"https:\/\/apres.group\/lam\/le-chant-des-styrenes-nb\/\">Le chant des Styr\u00e8nes (N&amp;B)<\/a> &#8211; Acrylique sur polystyr\u00e8ne &#8211; 50 x 50 cm<\/p>\n\n\n<div class=\"wp-block-image\">\n<figure class=\"aligncenter size-medium\"><a href=\"https:\/\/apres.group\/lam\/le-chant-des-styrenes-nb\/\"><img loading=\"lazy\" decoding=\"async\" width=\"300\" height=\"300\" src=\"https:\/\/apres.group\/lam\/wp-content\/uploads\/2024\/08\/Lam-scaled-1-300x300.jpg\" alt=\"\" class=\"wp-image-16\" srcset=\"https:\/\/apres.group\/lam\/wp-content\/uploads\/2024\/08\/Lam-scaled-1-300x300.jpg 300w, https:\/\/apres.group\/lam\/wp-content\/uploads\/2024\/08\/Lam-scaled-1-1020x1024.jpg 1020w, https:\/\/apres.group\/lam\/wp-content\/uploads\/2024\/08\/Lam-scaled-1-150x150.jpg 150w, https:\/\/apres.group\/lam\/wp-content\/uploads\/2024\/08\/Lam-scaled-1-768x771.jpg 768w, https:\/\/apres.group\/lam\/wp-content\/uploads\/2024\/08\/Lam-scaled-1-1530x1536.jpg 1530w, https:\/\/apres.group\/lam\/wp-content\/uploads\/2024\/08\/Lam-scaled-1-2040x2048.jpg 2040w, https:\/\/apres.group\/lam\/wp-content\/uploads\/2024\/08\/Lam-scaled-1-640x640.jpg 640w, https:\/\/apres.group\/lam\/wp-content\/uploads\/2024\/08\/Lam-scaled-1-1200x1200.jpg 1200w\" sizes=\"auto, (max-width: 300px) 100vw, 300px\" \/><\/a><\/figure>\n<\/div>\n\n\n<p class=\"has-text-align-center\"><a href=\"https:\/\/apres.group\/lam\/le-chant-des-styrenes-portraits\/\">Le chant des Styr\u00e8nes (Portraits)<\/a> &#8211; Acrylique et pigments sur polystyr\u00e8ne &#8211; 50 x 50 cm<\/p>\n\n\n<div class=\"wp-block-image\">\n<figure class=\"aligncenter size-medium\"><a href=\"https:\/\/apres.group\/lam\/le-chant-des-styrenes-portraits\/\"><img loading=\"lazy\" decoding=\"async\" width=\"293\" height=\"300\" src=\"https:\/\/apres.group\/lam\/wp-content\/uploads\/2024\/08\/lam-artiste-peintre-0700a-1-293x300.jpg\" alt=\"\" class=\"wp-image-47\" srcset=\"https:\/\/apres.group\/lam\/wp-content\/uploads\/2024\/08\/lam-artiste-peintre-0700a-1-293x300.jpg 293w, https:\/\/apres.group\/lam\/wp-content\/uploads\/2024\/08\/lam-artiste-peintre-0700a-1-768x787.jpg 768w, https:\/\/apres.group\/lam\/wp-content\/uploads\/2024\/08\/lam-artiste-peintre-0700a-1.jpg 800w\" sizes=\"auto, (max-width: 293px) 100vw, 293px\" \/><\/a><\/figure>\n<\/div>\n\n\n<p class=\"has-text-align-center\"><a href=\"https:\/\/apres.group\/lam\/pas-de-probleme-de-c\/\">Pas de probl\u00e8me de (c)<\/a> &#8211; Technique mixte sur plaque de roche &#8211; Divers formats<\/p>\n\n\n<div class=\"wp-block-image\">\n<figure class=\"aligncenter size-medium\"><a href=\"https:\/\/apres.group\/lam\/pas-de-probleme-de-c\/\"><img loading=\"lazy\" decoding=\"async\" width=\"300\" height=\"201\" src=\"https:\/\/apres.group\/lam\/wp-content\/uploads\/2024\/08\/lam-0869-1-300x201.jpg\" alt=\"\" class=\"wp-image-42\" srcset=\"https:\/\/apres.group\/lam\/wp-content\/uploads\/2024\/08\/lam-0869-1-300x201.jpg 300w, https:\/\/apres.group\/lam\/wp-content\/uploads\/2024\/08\/lam-0869-1-1024x688.jpg 1024w, https:\/\/apres.group\/lam\/wp-content\/uploads\/2024\/08\/lam-0869-1-768x516.jpg 768w, https:\/\/apres.group\/lam\/wp-content\/uploads\/2024\/08\/lam-0869-1-1200x800.jpg 1200w, https:\/\/apres.group\/lam\/wp-content\/uploads\/2024\/08\/lam-0869-1.jpg 1407w\" sizes=\"auto, (max-width: 300px) 100vw, 300px\" \/><\/a><\/figure>\n<\/div>\n\n\n<p class=\"has-text-align-center\"><a href=\"https:\/\/apres.group\/lam\/berlin-affiches\/\">Berlin (Affiches)<\/a> &#8211; Technique mixte sur affiches &#8211; 50 x 70 cm<\/p>\n\n\n<div class=\"wp-block-image\">\n<figure class=\"aligncenter size-medium\"><a href=\"https:\/\/apres.group\/lam\/berlin-affiches\/\"><img loading=\"lazy\" decoding=\"async\" width=\"230\" height=\"300\" src=\"https:\/\/apres.group\/lam\/wp-content\/uploads\/2024\/08\/Lam-15-1-230x300.jpg\" alt=\"\" class=\"wp-image-24\" srcset=\"https:\/\/apres.group\/lam\/wp-content\/uploads\/2024\/08\/Lam-15-1-230x300.jpg 230w, https:\/\/apres.group\/lam\/wp-content\/uploads\/2024\/08\/Lam-15-1-786x1024.jpg 786w, https:\/\/apres.group\/lam\/wp-content\/uploads\/2024\/08\/Lam-15-1-768x1001.jpg 768w, https:\/\/apres.group\/lam\/wp-content\/uploads\/2024\/08\/Lam-15-1-1178x1536.jpg 1178w, https:\/\/apres.group\/lam\/wp-content\/uploads\/2024\/08\/Lam-15-1.jpg 1532w\" sizes=\"auto, (max-width: 230px) 100vw, 230px\" \/><\/a><\/figure>\n<\/div>\n\n\n<p class=\"has-text-align-center\"><a href=\"https:\/\/apres.group\/lam\/femmes-bleues\">Femmes bleues<\/a> &#8211; Acrylique et pigments sur plaque de roche &#8211; Divers formats<\/p>\n\n\n<div class=\"wp-block-image\">\n<figure class=\"aligncenter size-medium\"><a href=\"https:\/\/apres.group\/lam\/femmes-bleues\/\"><img loading=\"lazy\" decoding=\"async\" width=\"296\" height=\"300\" src=\"https:\/\/apres.group\/lam\/wp-content\/uploads\/2024\/08\/lam-artiste-peintre-0996-1-1-296x300.jpg\" alt=\"\" class=\"wp-image-51\" srcset=\"https:\/\/apres.group\/lam\/wp-content\/uploads\/2024\/08\/lam-artiste-peintre-0996-1-1-296x300.jpg 296w, https:\/\/apres.group\/lam\/wp-content\/uploads\/2024\/08\/lam-artiste-peintre-0996-1-1-1010x1024.jpg 1010w, https:\/\/apres.group\/lam\/wp-content\/uploads\/2024\/08\/lam-artiste-peintre-0996-1-1-768x778.jpg 768w, https:\/\/apres.group\/lam\/wp-content\/uploads\/2024\/08\/lam-artiste-peintre-0996-1-1.jpg 1047w\" sizes=\"auto, (max-width: 296px) 100vw, 296px\" \/><\/a><\/figure>\n<\/div>\n\n\n<p><\/p>\n","protected":false},"excerpt":{"rendered":"<p>Mettre en lumi\u00e8re l&rsquo;invisible, l&rsquo;imperceptible, parfois l&rsquo;inutile, Lam est un artiste inclassable. \u00ab\u00a0L&rsquo;utopie et la recherche sont fils conducteurs de ma d\u00e9marche\u00a0\u00bb . Cela se traduit par une approche tr\u00e8s \u00e9clectique de styles ainsi qu&rsquo;une grande libert\u00e9 dans sa pratique. Membre fondateur du collectif de l&rsquo;Apr\u00e8s alliant art urbain et performances, il se d\u00e9finit lui-m\u00eame<\/p>\n<p class=\"more-link-wrapper\"><a href=\"https:\/\/apres.group\/lam\/\" class=\"more-link\">Continue Reading<span class=\"screen-reader-text\"> \u00ab\u00a0Pro-cr\u00e9ations (extraits)\u00a0\u00bb<\/span><\/a><\/p>\n","protected":false},"author":1,"featured_media":0,"parent":0,"menu_order":0,"comment_status":"closed","ping_status":"closed","template":"","meta":{"footnotes":""},"class_list":["post-12","page","type-page","status-publish","hentry"],"_links":{"self":[{"href":"https:\/\/apres.group\/lam\/wp-json\/wp\/v2\/pages\/12","targetHints":{"allow":["GET"]}}],"collection":[{"href":"https:\/\/apres.group\/lam\/wp-json\/wp\/v2\/pages"}],"about":[{"href":"https:\/\/apres.group\/lam\/wp-json\/wp\/v2\/types\/page"}],"author":[{"embeddable":true,"href":"https:\/\/apres.group\/lam\/wp-json\/wp\/v2\/users\/1"}],"replies":[{"embeddable":true,"href":"https:\/\/apres.group\/lam\/wp-json\/wp\/v2\/comments?post=12"}],"version-history":[{"count":26,"href":"https:\/\/apres.group\/lam\/wp-json\/wp\/v2\/pages\/12\/revisions"}],"predecessor-version":[{"id":156,"href":"https:\/\/apres.group\/lam\/wp-json\/wp\/v2\/pages\/12\/revisions\/156"}],"wp:attachment":[{"href":"https:\/\/apres.group\/lam\/wp-json\/wp\/v2\/media?parent=12"}],"curies":[{"name":"wp","href":"https:\/\/api.w.org\/{rel}","templated":true}]}}